{"id":157,"date":"2018-08-09T21:20:48","date_gmt":"2018-08-09T19:20:48","guid":{"rendered":"http:\/\/chsspaca.fr\/?page_id=157"},"modified":"2022-09-23T11:42:17","modified_gmt":"2022-09-23T09:42:17","slug":"actualites","status":"publish","type":"page","link":"https:\/\/chsspaca.fr\/index.php\/actualites\/","title":{"rendered":"Actualit\u00e9s"},"content":{"rendered":"<ul class=\"wp-block-latest-posts__list is-grid columns-3 has-dates has-author wp-block-latest-posts\"><li><div class=\"wp-block-latest-posts__featured-image\"><img loading=\"lazy\" decoding=\"async\" width=\"300\" height=\"225\" src=\"https:\/\/i0.wp.com\/chsspaca.fr\/wp-content\/uploads\/202604-VernierIMG_6013-scaled.png?fit=300%2C225&amp;ssl=1\" class=\"attachment-medium size-medium wp-post-image\" alt=\"\" style=\"\" srcset=\"https:\/\/i0.wp.com\/chsspaca.fr\/wp-content\/uploads\/202604-VernierIMG_6013-scaled.png?w=2560&amp;ssl=1 2560w, https:\/\/i0.wp.com\/chsspaca.fr\/wp-content\/uploads\/202604-VernierIMG_6013-scaled.png?resize=300%2C225&amp;ssl=1 300w, https:\/\/i0.wp.com\/chsspaca.fr\/wp-content\/uploads\/202604-VernierIMG_6013-scaled.png?resize=1024%2C768&amp;ssl=1 1024w, https:\/\/i0.wp.com\/chsspaca.fr\/wp-content\/uploads\/202604-VernierIMG_6013-scaled.png?resize=768%2C576&amp;ssl=1 768w, https:\/\/i0.wp.com\/chsspaca.fr\/wp-content\/uploads\/202604-VernierIMG_6013-scaled.png?resize=1536%2C1152&amp;ssl=1 1536w, https:\/\/i0.wp.com\/chsspaca.fr\/wp-content\/uploads\/202604-VernierIMG_6013-scaled.png?resize=2048%2C1536&amp;ssl=1 2048w\" sizes=\"auto, 100vw\" \/><\/div><a class=\"wp-block-latest-posts__post-title\" href=\"https:\/\/chsspaca.fr\/index.php\/2026\/04\/10\/hommage-au-professeur-olivier-vernier\/\">Hommage au Professeur Olivier Vernier<\/a><div class=\"wp-block-latest-posts__post-author\">par Jean-Pierre Pallar\u00e9a<\/div><time datetime=\"2026-04-10T09:55:27+02:00\" class=\"wp-block-latest-posts__post-date\">10\/04\/2026<\/time><\/li>\n<li><div class=\"wp-block-latest-posts__featured-image\"><img loading=\"lazy\" decoding=\"async\" width=\"300\" height=\"229\" src=\"https:\/\/i0.wp.com\/chsspaca.fr\/wp-content\/uploads\/202604-Comite-medical-des-Bouches-du-Rhone-1898.png?fit=300%2C229&amp;ssl=1\" class=\"attachment-medium size-medium wp-post-image\" alt=\"\" style=\"\" srcset=\"https:\/\/i0.wp.com\/chsspaca.fr\/wp-content\/uploads\/202604-Comite-medical-des-Bouches-du-Rhone-1898.png?w=450&amp;ssl=1 450w, https:\/\/i0.wp.com\/chsspaca.fr\/wp-content\/uploads\/202604-Comite-medical-des-Bouches-du-Rhone-1898.png?resize=300%2C229&amp;ssl=1 300w\" sizes=\"auto, 100vw\" \/><\/div><a class=\"wp-block-latest-posts__post-title\" href=\"https:\/\/chsspaca.fr\/index.php\/2026\/04\/10\/comite-medical-des-bouches-du-rhone-reglement-dhonoraires-des-medecins-avec-dispense-pour-les-familles-pauvres-ou-peu-fortunees-1-2\/\">Comit\u00e9 m\u00e9dical des Bouches-du-Rh\u00f4ne. R\u00e8glement d\u2019honoraires des m\u00e9decins (avec dispense pour les familles pauvres ou peu fortun\u00e9es)\u00a0[1]<\/a><div class=\"wp-block-latest-posts__post-author\">par Olivier Vernier<\/div><time datetime=\"2026-04-10T09:31:09+02:00\" class=\"wp-block-latest-posts__post-date\">10\/04\/2026<\/time><\/li>\n<li><div class=\"wp-block-latest-posts__featured-image\"><img loading=\"lazy\" decoding=\"async\" width=\"300\" height=\"298\" src=\"https:\/\/i0.wp.com\/chsspaca.fr\/wp-content\/uploads\/202603-Medaille-de-sauvetage-BDR.png?fit=300%2C298&amp;ssl=1\" class=\"attachment-medium size-medium wp-post-image\" alt=\"\" style=\"\" srcset=\"https:\/\/i0.wp.com\/chsspaca.fr\/wp-content\/uploads\/202603-Medaille-de-sauvetage-BDR.png?w=1187&amp;ssl=1 1187w, https:\/\/i0.wp.com\/chsspaca.fr\/wp-content\/uploads\/202603-Medaille-de-sauvetage-BDR.png?resize=300%2C298&amp;ssl=1 300w, https:\/\/i0.wp.com\/chsspaca.fr\/wp-content\/uploads\/202603-Medaille-de-sauvetage-BDR.png?resize=1024%2C1017&amp;ssl=1 1024w, https:\/\/i0.wp.com\/chsspaca.fr\/wp-content\/uploads\/202603-Medaille-de-sauvetage-BDR.png?resize=150%2C150&amp;ssl=1 150w, https:\/\/i0.wp.com\/chsspaca.fr\/wp-content\/uploads\/202603-Medaille-de-sauvetage-BDR.png?resize=768%2C763&amp;ssl=1 768w, https:\/\/i0.wp.com\/chsspaca.fr\/wp-content\/uploads\/202603-Medaille-de-sauvetage-BDR.png?resize=100%2C100&amp;ssl=1 100w\" sizes=\"auto, 100vw\" \/><\/div><a class=\"wp-block-latest-posts__post-title\" href=\"https:\/\/chsspaca.fr\/index.php\/2026\/03\/10\/a-loccasion-de-la-construction-de-la-digue-berry-au-frioul\/\">A l&#8217;occasion de la construction de la &#8220;Digue Berry&#8221; au Frioul<\/a><div class=\"wp-block-latest-posts__post-author\">par Olivier Vernier<\/div><time datetime=\"2026-03-10T11:53:15+01:00\" class=\"wp-block-latest-posts__post-date\">10\/03\/2026<\/time><\/li>\n<li><div class=\"wp-block-latest-posts__featured-image\"><img loading=\"lazy\" decoding=\"async\" width=\"300\" height=\"239\" src=\"https:\/\/i0.wp.com\/chsspaca.fr\/wp-content\/uploads\/202602-Quand-les-caisses-de-retraites-complementaires-florissaient-1-.jpg?fit=300%2C239&amp;ssl=1\" class=\"attachment-medium size-medium wp-post-image\" alt=\"\" style=\"\" srcset=\"https:\/\/i0.wp.com\/chsspaca.fr\/wp-content\/uploads\/202602-Quand-les-caisses-de-retraites-complementaires-florissaient-1-.jpg?w=2208&amp;ssl=1 2208w, https:\/\/i0.wp.com\/chsspaca.fr\/wp-content\/uploads\/202602-Quand-les-caisses-de-retraites-complementaires-florissaient-1-.jpg?resize=300%2C239&amp;ssl=1 300w, https:\/\/i0.wp.com\/chsspaca.fr\/wp-content\/uploads\/202602-Quand-les-caisses-de-retraites-complementaires-florissaient-1-.jpg?resize=1024%2C815&amp;ssl=1 1024w, https:\/\/i0.wp.com\/chsspaca.fr\/wp-content\/uploads\/202602-Quand-les-caisses-de-retraites-complementaires-florissaient-1-.jpg?resize=768%2C611&amp;ssl=1 768w, https:\/\/i0.wp.com\/chsspaca.fr\/wp-content\/uploads\/202602-Quand-les-caisses-de-retraites-complementaires-florissaient-1-.jpg?resize=1536%2C1222&amp;ssl=1 1536w, https:\/\/i0.wp.com\/chsspaca.fr\/wp-content\/uploads\/202602-Quand-les-caisses-de-retraites-complementaires-florissaient-1-.jpg?resize=2048%2C1630&amp;ssl=1 2048w\" sizes=\"auto, 100vw\" \/><\/div><a class=\"wp-block-latest-posts__post-title\" href=\"https:\/\/chsspaca.fr\/index.php\/2026\/02\/10\/quand-les-caisses-de-retraites-complementaires-florissaient-dans-le-sud-est-medaille-commemorative-de-la-fondation-de-la-cirrse\/\">Quand les caisses de retraites compl\u00e9mentaires \u00abflorissaient\u00bb dans le Sud-Est: m\u00e9daille comm\u00e9morative de la fondation de la CIRRSE<\/a><div class=\"wp-block-latest-posts__post-author\">par Olivier Vernier<\/div><time datetime=\"2026-02-10T09:37:00+01:00\" class=\"wp-block-latest-posts__post-date\">10\/02\/2026<\/time><\/li>\n<li><div class=\"wp-block-latest-posts__featured-image\"><img loading=\"lazy\" decoding=\"async\" width=\"300\" height=\"116\" src=\"https:\/\/i0.wp.com\/chsspaca.fr\/wp-content\/uploads\/202601-Bon-de-livret-de-CE-Avignon-1954.png?fit=300%2C116&amp;ssl=1\" class=\"attachment-medium size-medium wp-post-image\" alt=\"\" style=\"\" srcset=\"https:\/\/i0.wp.com\/chsspaca.fr\/wp-content\/uploads\/202601-Bon-de-livret-de-CE-Avignon-1954.png?w=754&amp;ssl=1 754w, https:\/\/i0.wp.com\/chsspaca.fr\/wp-content\/uploads\/202601-Bon-de-livret-de-CE-Avignon-1954.png?resize=300%2C116&amp;ssl=1 300w\" sizes=\"auto, 100vw\" \/><\/div><a class=\"wp-block-latest-posts__post-title\" href=\"https:\/\/chsspaca.fr\/index.php\/2026\/01\/10\/lincitation-contemporaine-a-lepargne-bon-de-livret-a-un-nouveau-ne-de-la-caisse-depargne-davignon\/\">L\u2019incitation contemporaine \u00e0 l\u2019\u00e9pargne\u00a0: bon de livret \u00e0 un nouveau-n\u00e9 de la Caisse d\u2019\u00c9pargne d\u2019Avignon\u00a0<\/a><div class=\"wp-block-latest-posts__post-author\">par Olivier Vernier<\/div><time datetime=\"2026-01-10T10:33:00+01:00\" class=\"wp-block-latest-posts__post-date\">10\/01\/2026<\/time><\/li>\n<li><div class=\"wp-block-latest-posts__featured-image\"><img loading=\"lazy\" decoding=\"async\" width=\"237\" height=\"300\" src=\"https:\/\/i0.wp.com\/chsspaca.fr\/wp-content\/uploads\/202512-Le-sort-illusoire.jpg?fit=237%2C300&amp;ssl=1\" class=\"attachment-medium size-medium wp-post-image\" alt=\"\" style=\"\" srcset=\"https:\/\/i0.wp.com\/chsspaca.fr\/wp-content\/uploads\/202512-Le-sort-illusoire.jpg?w=1439&amp;ssl=1 1439w, https:\/\/i0.wp.com\/chsspaca.fr\/wp-content\/uploads\/202512-Le-sort-illusoire.jpg?resize=237%2C300&amp;ssl=1 237w, https:\/\/i0.wp.com\/chsspaca.fr\/wp-content\/uploads\/202512-Le-sort-illusoire.jpg?resize=810%2C1024&amp;ssl=1 810w, https:\/\/i0.wp.com\/chsspaca.fr\/wp-content\/uploads\/202512-Le-sort-illusoire.jpg?resize=768%2C971&amp;ssl=1 768w, https:\/\/i0.wp.com\/chsspaca.fr\/wp-content\/uploads\/202512-Le-sort-illusoire.jpg?resize=1214%2C1536&amp;ssl=1 1214w, https:\/\/i0.wp.com\/chsspaca.fr\/wp-content\/uploads\/202512-Le-sort-illusoire.jpg?w=1050&amp;ssl=1 1050w\" sizes=\"auto, 100vw\" \/><\/div><a class=\"wp-block-latest-posts__post-title\" href=\"https:\/\/chsspaca.fr\/index.php\/2025\/12\/10\/le-reve-illusoire-dun-sort-meilleur-au-soleil\/\">Le r\u00eave illusoire d\u2019un sort meilleur au soleil\u00a0<\/a><div class=\"wp-block-latest-posts__post-author\">par Olivier Vernier<\/div><time datetime=\"2025-12-10T10:12:00+01:00\" class=\"wp-block-latest-posts__post-date\">10\/12\/2025<\/time><\/li>\n<li><div class=\"wp-block-latest-posts__featured-image\"><img loading=\"lazy\" decoding=\"async\" width=\"215\" height=\"300\" src=\"https:\/\/i0.wp.com\/chsspaca.fr\/wp-content\/uploads\/202511-Chemins-de-fer-de-Provence.png?fit=215%2C300&amp;ssl=1\" class=\"attachment-medium size-medium wp-post-image\" alt=\"\" style=\"\" srcset=\"https:\/\/i0.wp.com\/chsspaca.fr\/wp-content\/uploads\/202511-Chemins-de-fer-de-Provence.png?w=594&amp;ssl=1 594w, https:\/\/i0.wp.com\/chsspaca.fr\/wp-content\/uploads\/202511-Chemins-de-fer-de-Provence.png?resize=215%2C300&amp;ssl=1 215w\" sizes=\"auto, 100vw\" \/><\/div><a class=\"wp-block-latest-posts__post-title\" href=\"https:\/\/chsspaca.fr\/index.php\/2025\/11\/10\/les-origines-du-regime-special-de-la-sncf-lexemple-des-chemins-de-fer-de-la-provence-xxe-siecle\/\">Les origines du r\u00e9gime sp\u00e9cial de la SNCF: l\u2019exemple des Chemins de fer de la Provence, XXe si\u00e8cle\u00a0<\/a><div class=\"wp-block-latest-posts__post-author\">par Olivier Vernier<\/div><time datetime=\"2025-11-10T10:00:00+01:00\" class=\"wp-block-latest-posts__post-date\">10\/11\/2025<\/time><\/li>\n<li><div class=\"wp-block-latest-posts__featured-image\"><img loading=\"lazy\" decoding=\"async\" width=\"300\" height=\"225\" src=\"https:\/\/i0.wp.com\/chsspaca.fr\/wp-content\/uploads\/202510-Carte-temporaire-de-Securite-sociale-2.png?fit=300%2C225&amp;ssl=1\" class=\"attachment-medium size-medium wp-post-image\" alt=\"\" style=\"\" srcset=\"https:\/\/i0.wp.com\/chsspaca.fr\/wp-content\/uploads\/202510-Carte-temporaire-de-Securite-sociale-2.png?w=332&amp;ssl=1 332w, https:\/\/i0.wp.com\/chsspaca.fr\/wp-content\/uploads\/202510-Carte-temporaire-de-Securite-sociale-2.png?resize=300%2C225&amp;ssl=1 300w\" sizes=\"auto, 100vw\" \/><\/div><a class=\"wp-block-latest-posts__post-title\" href=\"https:\/\/chsspaca.fr\/index.php\/2025\/10\/10\/une-consequence-en-droit-social-de-linstallation-des-rapatries-dafrique-du-nord-carte-temporaire-de-securite-sociale\/\">Une cons\u00e9quence en droit social de l\u2019installation des rapatri\u00e9s d\u2019Afrique du Nord: carte temporaire de S\u00e9curit\u00e9 sociale<\/a><div class=\"wp-block-latest-posts__post-author\">par Olivier Vernier<\/div><time datetime=\"2025-10-10T10:35:00+02:00\" class=\"wp-block-latest-posts__post-date\">10\/10\/2025<\/time><\/li>\n<li><div class=\"wp-block-latest-posts__featured-image\"><img loading=\"lazy\" decoding=\"async\" width=\"300\" height=\"169\" src=\"https:\/\/i0.wp.com\/chsspaca.fr\/wp-content\/uploads\/202509-bureau-patrimoine.jpg?fit=300%2C169&amp;ssl=1\" class=\"attachment-medium size-medium wp-post-image\" alt=\"\" style=\"\" srcset=\"https:\/\/i0.wp.com\/chsspaca.fr\/wp-content\/uploads\/202509-bureau-patrimoine.jpg?w=680&amp;ssl=1 680w, https:\/\/i0.wp.com\/chsspaca.fr\/wp-content\/uploads\/202509-bureau-patrimoine.jpg?resize=300%2C169&amp;ssl=1 300w\" sizes=\"auto, 100vw\" \/><\/div><a class=\"wp-block-latest-posts__post-title\" href=\"https:\/\/chsspaca.fr\/index.php\/2025\/09\/24\/cycle-de-conferences-dhistoire-de-la-medecine\/\">Cycle de conf\u00e9rences d\u2019histoire de la m\u00e9decine<\/a><div class=\"wp-block-latest-posts__post-author\">par Jean-Pierre Pallar\u00e9a<\/div><time datetime=\"2025-09-24T16:18:45+02:00\" class=\"wp-block-latest-posts__post-date\">24\/09\/2025<\/time><\/li>\n<\/ul>\n\n\n<p><strong>Et vous pouvez consulter tout l&#8217;historique:<\/strong><\/p>\n\n\n<ul class=\"wp-block-archives-list wp-block-archives\">\t<li><a href='https:\/\/chsspaca.fr\/index.php\/2026\/04\/'>avril 2026<\/a><\/li>\n\t<li><a href='https:\/\/chsspaca.fr\/index.php\/2026\/03\/'>mars 2026<\/a><\/li>\n\t<li><a href='https:\/\/chsspaca.fr\/index.php\/2026\/02\/'>f\u00e9vrier 2026<\/a><\/li>\n\t<li><a href='https:\/\/chsspaca.fr\/index.php\/2026\/01\/'>janvier 2026<\/a><\/li>\n\t<li><a href='https:\/\/chsspaca.fr\/index.php\/2025\/12\/'>d\u00e9cembre 2025<\/a><\/li>\n\t<li><a href='https:\/\/chsspaca.fr\/index.php\/2025\/11\/'>novembre 2025<\/a><\/li>\n\t<li><a href='https:\/\/chsspaca.fr\/index.php\/2025\/10\/'>octobre 2025<\/a><\/li>\n\t<li><a href='https:\/\/chsspaca.fr\/index.php\/2025\/09\/'>septembre 2025<\/a><\/li>\n\t<li><a href='https:\/\/chsspaca.fr\/index.php\/2025\/08\/'>ao\u00fbt 2025<\/a><\/li>\n\t<li><a href='https:\/\/chsspaca.fr\/index.php\/2025\/07\/'>juillet 2025<\/a><\/li>\n\t<li><a href='https:\/\/chsspaca.fr\/index.php\/2025\/06\/'>juin 2025<\/a><\/li>\n\t<li><a href='https:\/\/chsspaca.fr\/index.php\/2025\/05\/'>mai 2025<\/a><\/li>\n\t<li><a href='https:\/\/chsspaca.fr\/index.php\/2025\/04\/'>avril 2025<\/a><\/li>\n\t<li><a href='https:\/\/chsspaca.fr\/index.php\/2025\/03\/'>mars 2025<\/a><\/li>\n\t<li><a href='https:\/\/chsspaca.fr\/index.php\/2025\/02\/'>f\u00e9vrier 2025<\/a><\/li>\n\t<li><a href='https:\/\/chsspaca.fr\/index.php\/2025\/01\/'>janvier 2025<\/a><\/li>\n\t<li><a href='https:\/\/chsspaca.fr\/index.php\/2024\/12\/'>d\u00e9cembre 2024<\/a><\/li>\n\t<li><a href='https:\/\/chsspaca.fr\/index.php\/2024\/11\/'>novembre 2024<\/a><\/li>\n\t<li><a href='https:\/\/chsspaca.fr\/index.php\/2024\/10\/'>octobre 2024<\/a><\/li>\n\t<li><a href='https:\/\/chsspaca.fr\/index.php\/2024\/09\/'>septembre 2024<\/a><\/li>\n\t<li><a href='https:\/\/chsspaca.fr\/index.php\/2024\/08\/'>ao\u00fbt 2024<\/a><\/li>\n\t<li><a href='https:\/\/chsspaca.fr\/index.php\/2024\/07\/'>juillet 2024<\/a><\/li>\n\t<li><a href='https:\/\/chsspaca.fr\/index.php\/2024\/06\/'>juin 2024<\/a><\/li>\n\t<li><a href='https:\/\/chsspaca.fr\/index.php\/2024\/05\/'>mai 2024<\/a><\/li>\n\t<li><a href='https:\/\/chsspaca.fr\/index.php\/2024\/04\/'>avril 2024<\/a><\/li>\n\t<li><a href='https:\/\/chsspaca.fr\/index.php\/2024\/03\/'>mars 2024<\/a><\/li>\n\t<li><a href='https:\/\/chsspaca.fr\/index.php\/2024\/02\/'>f\u00e9vrier 2024<\/a><\/li>\n\t<li><a href='https:\/\/chsspaca.fr\/index.php\/2024\/01\/'>janvier 2024<\/a><\/li>\n\t<li><a href='https:\/\/chsspaca.fr\/index.php\/2023\/12\/'>d\u00e9cembre 2023<\/a><\/li>\n\t<li><a href='https:\/\/chsspaca.fr\/index.php\/2023\/11\/'>novembre 2023<\/a><\/li>\n\t<li><a href='https:\/\/chsspaca.fr\/index.php\/2023\/10\/'>octobre 2023<\/a><\/li>\n\t<li><a href='https:\/\/chsspaca.fr\/index.php\/2023\/09\/'>septembre 2023<\/a><\/li>\n\t<li><a href='https:\/\/chsspaca.fr\/index.php\/2023\/08\/'>ao\u00fbt 2023<\/a><\/li>\n\t<li><a href='https:\/\/chsspaca.fr\/index.php\/2023\/07\/'>juillet 2023<\/a><\/li>\n\t<li><a href='https:\/\/chsspaca.fr\/index.php\/2023\/06\/'>juin 2023<\/a><\/li>\n\t<li><a href='https:\/\/chsspaca.fr\/index.php\/2023\/05\/'>mai 2023<\/a><\/li>\n\t<li><a href='https:\/\/chsspaca.fr\/index.php\/2023\/04\/'>avril 2023<\/a><\/li>\n\t<li><a href='https:\/\/chsspaca.fr\/index.php\/2023\/03\/'>mars 2023<\/a><\/li>\n\t<li><a href='https:\/\/chsspaca.fr\/index.php\/2023\/02\/'>f\u00e9vrier 2023<\/a><\/li>\n\t<li><a href='https:\/\/chsspaca.fr\/index.php\/2023\/01\/'>janvier 2023<\/a><\/li>\n\t<li><a href='https:\/\/chsspaca.fr\/index.php\/2022\/12\/'>d\u00e9cembre 2022<\/a><\/li>\n\t<li><a href='https:\/\/chsspaca.fr\/index.php\/2022\/11\/'>novembre 2022<\/a><\/li>\n\t<li><a href='https:\/\/chsspaca.fr\/index.php\/2022\/10\/'>octobre 2022<\/a><\/li>\n\t<li><a href='https:\/\/chsspaca.fr\/index.php\/2022\/09\/'>septembre 2022<\/a><\/li>\n\t<li><a href='https:\/\/chsspaca.fr\/index.php\/2022\/08\/'>ao\u00fbt 2022<\/a><\/li>\n\t<li><a href='https:\/\/chsspaca.fr\/index.php\/2022\/07\/'>juillet 2022<\/a><\/li>\n\t<li><a href='https:\/\/chsspaca.fr\/index.php\/2022\/06\/'>juin 2022<\/a><\/li>\n\t<li><a href='https:\/\/chsspaca.fr\/index.php\/2022\/05\/'>mai 2022<\/a><\/li>\n\t<li><a href='https:\/\/chsspaca.fr\/index.php\/2022\/04\/'>avril 2022<\/a><\/li>\n\t<li><a href='https:\/\/chsspaca.fr\/index.php\/2022\/03\/'>mars 2022<\/a><\/li>\n\t<li><a href='https:\/\/chsspaca.fr\/index.php\/2022\/02\/'>f\u00e9vrier 2022<\/a><\/li>\n\t<li><a href='https:\/\/chsspaca.fr\/index.php\/2022\/01\/'>janvier 2022<\/a><\/li>\n\t<li><a href='https:\/\/chsspaca.fr\/index.php\/2021\/12\/'>d\u00e9cembre 2021<\/a><\/li>\n\t<li><a href='https:\/\/chsspaca.fr\/index.php\/2021\/11\/'>novembre 2021<\/a><\/li>\n\t<li><a href='https:\/\/chsspaca.fr\/index.php\/2021\/10\/'>octobre 2021<\/a><\/li>\n\t<li><a href='https:\/\/chsspaca.fr\/index.php\/2021\/09\/'>septembre 2021<\/a><\/li>\n\t<li><a href='https:\/\/chsspaca.fr\/index.php\/2021\/08\/'>ao\u00fbt 2021<\/a><\/li>\n\t<li><a href='https:\/\/chsspaca.fr\/index.php\/2021\/07\/'>juillet 2021<\/a><\/li>\n\t<li><a href='https:\/\/chsspaca.fr\/index.php\/2021\/06\/'>juin 2021<\/a><\/li>\n\t<li><a href='https:\/\/chsspaca.fr\/index.php\/2021\/05\/'>mai 2021<\/a><\/li>\n\t<li><a href='https:\/\/chsspaca.fr\/index.php\/2021\/04\/'>avril 2021<\/a><\/li>\n\t<li><a href='https:\/\/chsspaca.fr\/index.php\/2021\/03\/'>mars 2021<\/a><\/li>\n\t<li><a href='https:\/\/chsspaca.fr\/index.php\/2021\/02\/'>f\u00e9vrier 2021<\/a><\/li>\n\t<li><a href='https:\/\/chsspaca.fr\/index.php\/2021\/01\/'>janvier 2021<\/a><\/li>\n\t<li><a href='https:\/\/chsspaca.fr\/index.php\/2020\/12\/'>d\u00e9cembre 2020<\/a><\/li>\n\t<li><a href='https:\/\/chsspaca.fr\/index.php\/2020\/11\/'>novembre 2020<\/a><\/li>\n\t<li><a href='https:\/\/chsspaca.fr\/index.php\/2020\/10\/'>octobre 2020<\/a><\/li>\n\t<li><a href='https:\/\/chsspaca.fr\/index.php\/2020\/09\/'>septembre 2020<\/a><\/li>\n\t<li><a href='https:\/\/chsspaca.fr\/index.php\/2020\/08\/'>ao\u00fbt 2020<\/a><\/li>\n\t<li><a href='https:\/\/chsspaca.fr\/index.php\/2020\/07\/'>juillet 2020<\/a><\/li>\n\t<li><a href='https:\/\/chsspaca.fr\/index.php\/2020\/06\/'>juin 2020<\/a><\/li>\n\t<li><a href='https:\/\/chsspaca.fr\/index.php\/2020\/05\/'>mai 2020<\/a><\/li>\n\t<li><a href='https:\/\/chsspaca.fr\/index.php\/2020\/04\/'>avril 2020<\/a><\/li>\n\t<li><a href='https:\/\/chsspaca.fr\/index.php\/2020\/03\/'>mars 2020<\/a><\/li>\n\t<li><a href='https:\/\/chsspaca.fr\/index.php\/2020\/02\/'>f\u00e9vrier 2020<\/a><\/li>\n\t<li><a href='https:\/\/chsspaca.fr\/index.php\/2020\/01\/'>janvier 2020<\/a><\/li>\n\t<li><a href='https:\/\/chsspaca.fr\/index.php\/2019\/12\/'>d\u00e9cembre 2019<\/a><\/li>\n\t<li><a href='https:\/\/chsspaca.fr\/index.php\/2019\/11\/'>novembre 2019<\/a><\/li>\n\t<li><a href='https:\/\/chsspaca.fr\/index.php\/2019\/10\/'>octobre 2019<\/a><\/li>\n\t<li><a href='https:\/\/chsspaca.fr\/index.php\/2019\/09\/'>septembre 2019<\/a><\/li>\n\t<li><a href='https:\/\/chsspaca.fr\/index.php\/2019\/07\/'>juillet 2019<\/a><\/li>\n\t<li><a href='https:\/\/chsspaca.fr\/index.php\/2019\/06\/'>juin 2019<\/a><\/li>\n\t<li><a href='https:\/\/chsspaca.fr\/index.php\/2019\/05\/'>mai 2019<\/a><\/li>\n\t<li><a href='https:\/\/chsspaca.fr\/index.php\/2019\/04\/'>avril 2019<\/a><\/li>\n\t<li><a href='https:\/\/chsspaca.fr\/index.php\/2019\/03\/'>mars 2019<\/a><\/li>\n\t<li><a href='https:\/\/chsspaca.fr\/index.php\/2019\/02\/'>f\u00e9vrier 2019<\/a><\/li>\n\t<li><a href='https:\/\/chsspaca.fr\/index.php\/2018\/06\/'>juin 2018<\/a><\/li>\n\t<li><a href='https:\/\/chsspaca.fr\/index.php\/2017\/01\/'>janvier 2017<\/a><\/li>\n<\/ul>","protected":false},"excerpt":{"rendered":"<p>Et vous pouvez consulter tout l&#8217;historique:<\/p>\n","protected":false},"author":2,"featured_media":2213,"parent":0,"menu_order":0,"comment_status":"closed","ping_status":"closed","template":"","meta":{"footnotes":""},"class_list":["post-157","page","type-page","status-publish","has-post-thumbnail","hentry"],"jetpack_sharing_enabled":true,"jetpack_likes_enabled":true,"_links":{"self":[{"href":"https:\/\/chsspaca.fr\/index.php\/wp-json\/wp\/v2\/pages\/157","targetHints":{"allow":["GET"]}}],"collection":[{"href":"https:\/\/chsspaca.fr\/index.php\/wp-json\/wp\/v2\/pages"}],"about":[{"href":"https:\/\/chsspaca.fr\/index.php\/wp-json\/wp\/v2\/types\/page"}],"author":[{"embeddable":true,"href":"https:\/\/chsspaca.fr\/index.php\/wp-json\/wp\/v2\/users\/2"}],"replies":[{"embeddable":true,"href":"https:\/\/chsspaca.fr\/index.php\/wp-json\/wp\/v2\/comments?post=157"}],"version-history":[{"count":0,"href":"https:\/\/chsspaca.fr\/index.php\/wp-json\/wp\/v2\/pages\/157\/revisions"}],"wp:featuredmedia":[{"embeddable":true,"href":"https:\/\/chsspaca.fr\/index.php\/wp-json\/wp\/v2\/media\/2213"}],"wp:attachment":[{"href":"https:\/\/chsspaca.fr\/index.php\/wp-json\/wp\/v2\/media?parent=157"}],"curies":[{"name":"wp","href":"https:\/\/api.w.org\/{rel}","templated":true}]}}