{"id":202,"date":"2018-08-10T10:55:32","date_gmt":"2018-08-10T08:55:32","guid":{"rendered":"http:\/\/chsspaca.fr\/?page_id=202"},"modified":"2022-06-21T19:25:02","modified_gmt":"2022-06-21T17:25:02","slug":"qui-sommes-nous","status":"publish","type":"page","link":"https:\/\/chsspaca.fr\/index.php\/qui-sommes-nous\/","title":{"rendered":"Qui sommes-nous ?"},"content":{"rendered":"\n<p>Notre comit\u00e9, comme toute association loi 1901, a fait l\u2019objet d\u2019une d\u00e9claration en pr\u00e9fecture (Association n\u00b0W133026633). Ses statuts sont d\u00e9pos\u00e9s et il tient une Assembl\u00e9e G\u00e9n\u00e9rale annuelle&nbsp;; son Conseil d\u2019Administration, \u00e9lu par l\u2019Assembl\u00e9e G\u00e9n\u00e9rale, comprend des personnes morales et des personnes physiques. Le bureau se r\u00e9unit de mani\u00e8re informelle, en tant que de besoin<\/p>\n\n\n\n<p>Il est h\u00e9berg\u00e9 \u00e0 titre gracieux par la Caisse R\u00e9gionale d\u2019Assurance Vieillesse et Sant\u00e9 au Travail du Sud-Est \u00e0 Marseille, ce dont il lui est reconnaissant.<\/p>\n\n\n\n<p>Cr\u00e9\u00e9 le 20 novembre 1979 et remani\u00e9e en 1998, le comit\u00e9 a pour but :<\/p>\n\n\n\n<p>&#8211; de promouvoir, de r\u00e9aliser ou d\u2019encourager directement ou indirectement tous travaux, \u00e9tudes et recherches et r\u00e9unir toute documentation pouvant pr\u00e9senter un int\u00e9r\u00eat pour l\u2019Histoire de la Protection sociale sous ses diff\u00e9rents aspects,<\/p>\n\n\n\n<p>&#8211; en collaboration avec l\u2019Association nationale pour l\u2019\u00e9tude de l\u2019histoire de la S\u00e9curit\u00e9 sociale, d\u2019aider le Comit\u00e9 d\u2019histoire de la S\u00e9curit\u00e9 sociale cr\u00e9\u00e9 par l\u2019arr\u00eat\u00e9 du 9 mars 1973, dans la r\u00e9alisation des t\u00e2ches assign\u00e9es \u00e0 ce comit\u00e9,&nbsp;&#8211; \u00e9ventuellement, de participer aux manifestations int\u00e9ressant la protection sociale et la S\u00e9curit\u00e9 sociale et leur histoire.<\/p>\n\n\n\n<p>Les moyens techniques de l\u2019Association sont notamment :<\/p>\n\n\n\n<p>&#8211; les enqu\u00eates orales, r\u00e9unions, conf\u00e9rences, congr\u00e8s qu\u2019elle organise ou auxquels elle participe,<\/p>\n\n\n\n<p>&#8211; les travaux collectifs ou individuels qu\u2019elle provoque, oriente ou encourage, notamment en liaison avec le Comit\u00e9 d\u2019histoire de la S\u00e9curit\u00e9 sociale et l\u2019Association nationale pour l\u2019\u00e9tude de l\u2019histoire de la S\u00e9curit\u00e9 sociale et avec les milieux scientifiques (soci\u00e9t\u00e9s savantes des 6 d\u00e9partements) et les milieux universitaires concern\u00e9s (Aix-Marseille, Avignon, Toulon, Nice-Sophia-Antipolis),<\/p>\n\n\n\n<p>&#8211; la collaboration qu\u2019elle d\u00e9cide d\u2019apporter \u00e0 leur demande au Comit\u00e9 d\u2019histoire de la S\u00e9curit\u00e9 sociale et \u00e0 l\u2019Association nationale pour l\u2019\u00e9tude de l\u2019histoire de la S\u00e9curit\u00e9 sociale,<\/p>\n\n\n\n<p>&#8211; les publications qu\u2019elle r\u00e9alise dont un Bulletin ou auxquelles elle accorde sa participation ou son patronage. Pour l\u2019exercice de ses missions, l\u2019Association peut avoir recours \u00e0 un conseil scientifique qu\u2019elle cr\u00e9e \u00e0 cet effet.<\/p>\n","protected":false},"excerpt":{"rendered":"<p>Notre comit\u00e9, comme toute association loi 1901, a fait l\u2019objet d\u2019une d\u00e9claration en pr\u00e9fecture (Association n\u00b0W133026633). Ses statuts sont d\u00e9pos\u00e9s et il tient une Assembl\u00e9e G\u00e9n\u00e9rale annuelle&nbsp;; son Conseil d\u2019Administration, \u00e9lu par l\u2019Assembl\u00e9e G\u00e9n\u00e9rale, comprend des personnes morales et des personnes physiques. Le bureau se r\u00e9unit de mani\u00e8re informelle, en tant que de besoin Il &hellip; <\/p>\n<p class=\"link-more\"><a href=\"https:\/\/chsspaca.fr\/index.php\/qui-sommes-nous\/\" class=\"more-link\">Continuer la lecture<span class=\"screen-reader-text\"> de &laquo;&nbsp;Qui sommes-nous ?&nbsp;&raquo;<\/span><\/a><\/p>\n","protected":false},"author":2,"featured_media":2237,"parent":0,"menu_order":0,"comment_status":"closed","ping_status":"closed","template":"","meta":{"footnotes":""},"class_list":["post-202","page","type-page","status-publish","has-post-thumbnail","hentry"],"jetpack_sharing_enabled":true,"jetpack_likes_enabled":true,"_links":{"self":[{"href":"https:\/\/chsspaca.fr\/index.php\/wp-json\/wp\/v2\/pages\/202","targetHints":{"allow":["GET"]}}],"collection":[{"href":"https:\/\/chsspaca.fr\/index.php\/wp-json\/wp\/v2\/pages"}],"about":[{"href":"https:\/\/chsspaca.fr\/index.php\/wp-json\/wp\/v2\/types\/page"}],"author":[{"embeddable":true,"href":"https:\/\/chsspaca.fr\/index.php\/wp-json\/wp\/v2\/users\/2"}],"replies":[{"embeddable":true,"href":"https:\/\/chsspaca.fr\/index.php\/wp-json\/wp\/v2\/comments?post=202"}],"version-history":[{"count":0,"href":"https:\/\/chsspaca.fr\/index.php\/wp-json\/wp\/v2\/pages\/202\/revisions"}],"wp:featuredmedia":[{"embeddable":true,"href":"https:\/\/chsspaca.fr\/index.php\/wp-json\/wp\/v2\/media\/2237"}],"wp:attachment":[{"href":"https:\/\/chsspaca.fr\/index.php\/wp-json\/wp\/v2\/media?parent=202"}],"curies":[{"name":"wp","href":"https:\/\/api.w.org\/{rel}","templated":true}]}}