{"id":214,"date":"2018-08-10T11:00:03","date_gmt":"2018-08-10T09:00:03","guid":{"rendered":"http:\/\/chsspaca.fr\/?page_id=214"},"modified":"2022-11-16T12:24:22","modified_gmt":"2022-11-16T11:24:22","slug":"conseil-et-bureau","status":"publish","type":"page","link":"https:\/\/chsspaca.fr\/index.php\/conseil-et-bureau\/","title":{"rendered":"Le conseil d&#8217;administration et le bureau"},"content":{"rendered":"\n<h3 class=\"wp-block-heading\"><strong><u>Conseil d\u2019administration et bureau<\/u><\/strong><\/h3>\n\n\n\n<h4 class=\"wp-block-heading\"><em><strong>Pr\u00e9sidente d&#8217;honneur<\/strong><\/em><\/h4>\n\n\n\n<p>Madame Marie Th\u00e9r\u00e8se DUMAS-GOSSELIN<br>Ex cheffe d\u2019Antenne Interr\u00e9gionale de la Mission Nationale de Contr\u00f4le et d\u2019Audit des Organismes de S\u00e9curit\u00e9 Sociale pour PACA-Languedoc Roussillon et Corse<\/p>\n\n\n\n<h4 class=\"wp-block-heading\"><em><strong>Pr\u00e9sident<\/strong><\/em><\/h4>\n\n\n\n<p>Monsieur Mourad BELA\u00cfD<br>Directeur-adjoint \u00e0 la CANSSM<\/p>\n\n\n\n<h4 class=\"wp-block-heading\"><em><strong>Vice-pr\u00e9sidents<\/strong><\/em><\/h4>\n\n\n\n<p>Monsieur Olivier VERNIER<br>Professeur \u00e0 l\u2019Universit\u00e9 de Nice Sophia-Antipolis<\/p>\n\n\n\n<p>Monsieur Jean DESSERTAINE<br>Directeur de la Caisse d\u2019Assurance Vieillesse Invalidit\u00e9 et Maladie des Cultes (CAVIMAC)<\/p>\n\n\n\n<h4 class=\"wp-block-heading\"><em><strong>Secr\u00e9taire<\/strong><\/em><\/h4>\n\n\n\n<p>Madame V\u00e9ronique WELTER<br>Directrice de la Strat\u00e9gie et des Projets de la CARSAT Sud-Est<\/p>\n\n\n\n<h4 class=\"wp-block-heading\"><em><strong>Tr\u00e9sorier<\/strong><\/em><\/h4>\n\n\n\n<p>Monsieur Jean-Pierre PALLAREA<br>Ex-Directeur des Ressources Humaines \u00e0 la CARSAT Sud-Est<\/p>\n\n\n\n<h4 class=\"wp-block-heading\"><i>Autres membres du bureau<\/i><\/h4>\n\n\n\n<p>Monsieur Marcel CHAPAPRIA<br>Ex-responsable service Enqu\u00eates Administratives CEPAM13, repr\u00e9sentant des Administrateurs au sein du bureau<\/p>\n\n\n\n<p>Madame Monique SINTES<br>Professeur d\u2019\u00e9conomie IFPASS- CNAM et Lyc\u00e9e Marie Curie Marseille, charg\u00e9e des relations, notamment avec le corps enseignant<\/p>\n\n\n\n<h4 class=\"wp-block-heading\"><em><strong>Membre de droit<\/strong><\/em><\/h4>\n\n\n\n<p>Monsieur David MUNOZ<br>Chef d\u2019Antenne interr\u00e9gionale de la Mission Nationale de Contr\u00f4le et d\u2019audit des organismes de S\u00e9curit\u00e9 Sociale pour PACA-Languedoc Roussillon et Corse<\/p>\n\n\n\n<h4 class=\"wp-block-heading\"><em><strong>Administrateurs<\/strong><\/em><\/h4>\n\n\n\n<p>Monsieur Fran\u00e7ois FANTAUZZO<br>ex\u00a0Pr\u00e9sident RSI 2006-2019, ex\u00a0Vice-Pr\u00e9sident du Conseil de Surveillance ARS PACA\u00a0 2012-2019<\/p>\n\n\n\n<p>Monsieur Bruno HUSS<br>Directeur de SOLIMUT<\/p>\n\n\n\n<p>Le Directeur ou la Directrice de la CARSAT Sud-Est, es qualit\u00e9<\/p>\n\n\n\n<p>Le Directeur ou la Directrice de la Caisse Primaire d\u2019Assurance Maladie des Bouches-du-Rh\u00f4ne, es qualit\u00e9<\/p>\n\n\n\n<p>Le Directeur ou la Directrice de la Caisse Primaire d\u2019Assurance Maladie du Var, es qualit\u00e9<\/p>\n\n\n\n<p>Le Directeur ou la Directrice de la Caisse Primaire d\u2019Assurance Maladie de Vaucluse, es qualit\u00e9<\/p>\n\n\n\n<p>Le Directeur ou la Directrice de la Caisse d\u2019Allocations Familiales des Alpes-Maritimes, es qualit\u00e9<\/p>\n\n\n\n<p>Le Directeur ou la Directrice de la Caisse d\u2019Allocations Familiales des Bouches-du-Rh\u00f4ne, es qualit\u00e9<\/p>\n\n\n\n<p>Le Directeur ou la Directrice de la Mutualit\u00e9 Sociale Agricole Provence Azur, es qualit\u00e9<\/p>\n\n\n\n<p>Le Directeur ou la Directrice de la Mutualit\u00e9 Sociale Agricole Vaucluse, es qualit\u00e9<\/p>\n\n\n\n<p>Le Directeur ou la Directrice de l\u2019URSSAF PACAC es qualit\u00e9Le Directeur ou la Directrice de l\u2019UGECAM PACAC, es qualit\u00e9<\/p>\n","protected":false},"excerpt":{"rendered":"<p>Conseil d\u2019administration et bureau Pr\u00e9sidente d&#8217;honneur Madame Marie Th\u00e9r\u00e8se DUMAS-GOSSELINEx cheffe d\u2019Antenne Interr\u00e9gionale de la Mission Nationale de Contr\u00f4le et d\u2019Audit des Organismes de S\u00e9curit\u00e9 Sociale pour PACA-Languedoc Roussillon et Corse Pr\u00e9sident Monsieur Mourad BELA\u00cfDDirecteur-adjoint \u00e0 la CANSSM Vice-pr\u00e9sidents Monsieur Olivier VERNIERProfesseur \u00e0 l\u2019Universit\u00e9 de Nice Sophia-Antipolis Monsieur Jean DESSERTAINEDirecteur de la Caisse d\u2019Assurance Vieillesse &hellip; <\/p>\n<p class=\"link-more\"><a href=\"https:\/\/chsspaca.fr\/index.php\/conseil-et-bureau\/\" class=\"more-link\">Continuer la lecture<span class=\"screen-reader-text\"> de &laquo;&nbsp;Le conseil d&#8217;administration et le bureau&nbsp;&raquo;<\/span><\/a><\/p>\n","protected":false},"author":2,"featured_media":2265,"parent":0,"menu_order":0,"comment_status":"closed","ping_status":"closed","template":"","meta":{"footnotes":""},"class_list":["post-214","page","type-page","status-publish","has-post-thumbnail","hentry"],"jetpack_sharing_enabled":true,"jetpack_likes_enabled":true,"_links":{"self":[{"href":"https:\/\/chsspaca.fr\/index.php\/wp-json\/wp\/v2\/pages\/214","targetHints":{"allow":["GET"]}}],"collection":[{"href":"https:\/\/chsspaca.fr\/index.php\/wp-json\/wp\/v2\/pages"}],"about":[{"href":"https:\/\/chsspaca.fr\/index.php\/wp-json\/wp\/v2\/types\/page"}],"author":[{"embeddable":true,"href":"https:\/\/chsspaca.fr\/index.php\/wp-json\/wp\/v2\/users\/2"}],"replies":[{"embeddable":true,"href":"https:\/\/chsspaca.fr\/index.php\/wp-json\/wp\/v2\/comments?post=214"}],"version-history":[{"count":0,"href":"https:\/\/chsspaca.fr\/index.php\/wp-json\/wp\/v2\/pages\/214\/revisions"}],"wp:featuredmedia":[{"embeddable":true,"href":"https:\/\/chsspaca.fr\/index.php\/wp-json\/wp\/v2\/media\/2265"}],"wp:attachment":[{"href":"https:\/\/chsspaca.fr\/index.php\/wp-json\/wp\/v2\/media?parent=214"}],"curies":[{"name":"wp","href":"https:\/\/api.w.org\/{rel}","templated":true}]}}