{"id":618,"date":"2018-08-27T21:20:04","date_gmt":"2018-08-27T19:20:04","guid":{"rendered":"http:\/\/chsspaca.fr\/?page_id=618"},"modified":"2022-11-16T12:26:31","modified_gmt":"2022-11-16T11:26:31","slug":"adherer-au-comite","status":"publish","type":"page","link":"https:\/\/chsspaca.fr\/index.php\/adherer-au-comite\/","title":{"rendered":"Adh\u00e9rer au comit\u00e9"},"content":{"rendered":"\n<p><strong>Les personnes morales:<\/strong><br>&#8211; <strong>Organismes de S\u00e9curit\u00e9 sociale<\/strong><br><strong>&#8211; Organismes compl\u00e9mentaires<\/strong><br><strong>&#8211; Associations<\/strong><br><strong>et les personnes physiques peuvent adh\u00e9rer au comit\u00e9.<\/strong><\/p>\n\n\n\n<div data-wp-interactive=\"core\/file\" class=\"wp-block-file\"><object data-wp-bind--hidden=\"!state.hasPdfPreview\" hidden class=\"wp-block-file__embed\" data=\"https:\/\/chsspaca.fr\/wp-content\/uploads\/Bulletin-dadhesion-2023.pdf\" type=\"application\/pdf\" style=\"width:100%;height:600px\" aria-label=\"Contenu embarqu\u00e9 Bulletin-dadhesion-2023.\"><\/object><a id=\"wp-block-file--media-9c8f2b1f-4c1c-4372-83b2-1a4418fe4715\" href=\"https:\/\/chsspaca.fr\/wp-content\/uploads\/Bulletin-dadhesion-2023.pdf\" target=\"_blank\" rel=\"noreferrer noopener\">Bulletin-dadhesion-2023<\/a><a href=\"https:\/\/chsspaca.fr\/wp-content\/uploads\/Bulletin-dadhesion-2023.pdf\" class=\"wp-block-file__button wp-element-button\" download aria-describedby=\"wp-block-file--media-9c8f2b1f-4c1c-4372-83b2-1a4418fe4715\">T\u00e9l\u00e9charger<\/a><\/div>\n\n\n\n<p><\/p>\n\n\n\n<p>La cotisation annuelle est, pour l&#8217;ann\u00e9e 2023 de:<\/p>\n\n\n\n<ul class=\"wp-block-list\">\n<li><b>350 \u20ac pour les organismes de S\u00e9curit\u00e9 sociale et les compl\u00e9mentaires<\/b><\/li>\n\n\n\n<li><b>45 \u20ac pour les associations<br><\/b><\/li>\n\n\n\n<li><b>15 \u20ac pour les personnes physiques<\/b><\/li>\n<\/ul>\n\n\n\n<p>Par ch\u00e8que libell\u00e9 \u00e0 l\u2019ordre du Comit\u00e9, ou par virement.<\/p>\n\n\n\n<p>Ces montants sont inchang\u00e9s par rapport aux ann\u00e9es pr\u00e9c\u00e9dentes.<\/p>\n\n\n\n<hr class=\"wp-block-separator has-css-opacity\"\/>\n\n\n\n<p>Nous vous remercions d\u2019adresser ce bulletin, avec votre r\u00e8glement, au si\u00e8ge du Comit\u00e9, \u00e0 l&#8217;attention de:<br><br>Madame V\u00e9ronique Welter<br>Secr\u00e9taire G\u00e9n\u00e9rale du Comit\u00e9<br><br>Caisse d\u2019Assurance Retraite et de la Sant\u00e9 au Travail du Sud-Est<br>35, rue George<br>13385 MARSEILLE CEDEX 20<\/p>\n","protected":false},"excerpt":{"rendered":"<p>Les personnes morales:&#8211; Organismes de S\u00e9curit\u00e9 sociale&#8211; Organismes compl\u00e9mentaires&#8211; Associationset les personnes physiques peuvent adh\u00e9rer au comit\u00e9. La cotisation annuelle est, pour l&#8217;ann\u00e9e 2023 de: Par ch\u00e8que libell\u00e9 \u00e0 l\u2019ordre du Comit\u00e9, ou par virement. Ces montants sont inchang\u00e9s par rapport aux ann\u00e9es pr\u00e9c\u00e9dentes. Nous vous remercions d\u2019adresser ce bulletin, avec votre r\u00e8glement, au si\u00e8ge &hellip; <\/p>\n<p class=\"link-more\"><a href=\"https:\/\/chsspaca.fr\/index.php\/adherer-au-comite\/\" class=\"more-link\">Continuer la lecture<span class=\"screen-reader-text\"> de &laquo;&nbsp;Adh\u00e9rer au comit\u00e9&nbsp;&raquo;<\/span><\/a><\/p>\n","protected":false},"author":2,"featured_media":2227,"parent":0,"menu_order":0,"comment_status":"closed","ping_status":"closed","template":"","meta":{"footnotes":""},"class_list":["post-618","page","type-page","status-publish","has-post-thumbnail","hentry"],"jetpack_sharing_enabled":true,"jetpack_likes_enabled":true,"_links":{"self":[{"href":"https:\/\/chsspaca.fr\/index.php\/wp-json\/wp\/v2\/pages\/618","targetHints":{"allow":["GET"]}}],"collection":[{"href":"https:\/\/chsspaca.fr\/index.php\/wp-json\/wp\/v2\/pages"}],"about":[{"href":"https:\/\/chsspaca.fr\/index.php\/wp-json\/wp\/v2\/types\/page"}],"author":[{"embeddable":true,"href":"https:\/\/chsspaca.fr\/index.php\/wp-json\/wp\/v2\/users\/2"}],"replies":[{"embeddable":true,"href":"https:\/\/chsspaca.fr\/index.php\/wp-json\/wp\/v2\/comments?post=618"}],"version-history":[{"count":0,"href":"https:\/\/chsspaca.fr\/index.php\/wp-json\/wp\/v2\/pages\/618\/revisions"}],"wp:featuredmedia":[{"embeddable":true,"href":"https:\/\/chsspaca.fr\/index.php\/wp-json\/wp\/v2\/media\/2227"}],"wp:attachment":[{"href":"https:\/\/chsspaca.fr\/index.php\/wp-json\/wp\/v2\/media?parent=618"}],"curies":[{"name":"wp","href":"https:\/\/api.w.org\/{rel}","templated":true}]}}