{"id":671,"date":"2018-09-04T22:55:50","date_gmt":"2018-09-04T20:55:50","guid":{"rendered":"http:\/\/chsspaca.fr\/?page_id=671"},"modified":"2022-06-21T19:26:49","modified_gmt":"2022-06-21T17:26:49","slug":"conseil-scientifique","status":"publish","type":"page","link":"https:\/\/chsspaca.fr\/index.php\/conseil-scientifique\/","title":{"rendered":"Le conseil scientifique"},"content":{"rendered":"\n<h3 class=\"wp-block-heading\"><strong><u>Membres du Conseil scientifique <\/u><\/strong><\/h3>\n\n\n\n<h4 class=\"wp-block-heading\">Pr\u00e9sident&nbsp;:<\/h4>\n\n\n\n<p>Olivier Vernier<br>Professeur \u00e0 l&#8217;Universit\u00e9 Nice Sophia-Antipolis<br>Membre du conseil scientifique du Comit\u00e9 d\u2019Histoire de la S\u00e9curit\u00e9 Sociale<\/p>\n\n\n\n<h4 class=\"wp-block-heading\">Vice-Pr\u00e9sident :<\/h4>\n\n\n\n<p>Mourad Bela\u00efd<br>Pr\u00e9sident du Comit\u00e9 d\u2019Histoire de la S\u00e9curit\u00e9 Sociale de la r\u00e9gion PACA<\/p>\n\n\n\n<h4 class=\"wp-block-heading\">Membres&nbsp;:<\/h4>\n\n\n\n<p>Marie-Th\u00e9r\u00e8se Avon-Soletti<br>Ma\u00eetre de conf\u00e9rences &nbsp;honoraire \u00e0 l&#8217;Universit\u00e9 de Saint-Etienne<\/p>\n\n\n\n<p>Yves Baille (\u271d\ufe0e)<br>Professeur honoraire \u00e0 la Facult\u00e9 de M\u00e9decine d&#8217;Aix-Marseille<br>Association des Amis du Patrimoine M\u00e9dical de Marseille<\/p>\n\n\n\n<p>Patrick Barrau<br>Ma\u00eetre de conf\u00e9rences honoraire \u00e0 l&#8217;Universit\u00e9 de la M\u00e9diterran\u00e9e<br>Directeur de l&#8217;Institut R\u00e9gional du Travail d&#8217;Aix-Marseille<\/p>\n\n\n\n<p>Jean-Pierre B\u00e9n\u00e9zet<br>Historien, ancien directeur du laboratoire du CHM Vallauris<\/p>\n\n\n\n<p>R\u00e9gis Bertrand<br>Professeur \u00e9m\u00e9rite &nbsp;d\u2019histoire moderne d\u2019Aix-Marseille Universit\u00e9<\/p>\n\n\n\n<p>Michel Bourrier<br>Historien, Villars-sur-Var<\/p>\n\n\n\n<p>Colette Bourrier-Reynaud&nbsp;(\u271d\ufe0e)<br>Pr\u00e9sidente d\u2019honneur de l&#8217;Association de Sauvegarde du Patrimoine Ecrit des Alpes-Maritimes, Nice<\/p>\n\n\n\n<p>Anne Carol<br>Professeurd\u2019histoire contemporaine\u00e0 Aix-Marseille Universit\u00e9<\/p>\n\n\n\n<p>Genevi\u00e8ve Chabas<br>Directeur honoraire de l&#8217;URSSAF et du CIPAM des Bouches-du-Rh\u00f4ne<\/p>\n\n\n\n<p>Jean Dessertaine<br>Directeur de la Caisse d&#8217;Assurance Vieillesse Invalidit\u00e9 et Maladie des Cultes<\/p>\n\n\n\n<p>Pierre Echinard<br>Professeur, Marseille<\/p>\n\n\n\n<p>Isabelle Grenut<br>Docteure en histoire contemporaine, chercheuse associ\u00e9e \u00e0 Aix Marseille Universit\u00e9<\/p>\n\n\n\n<p>Claude Herrera<br>Ancien Conservateur aux Archives d\u00e9partementales des Bouches-du-Rh\u00f4ne<\/p>\n\n\n\n<p>Yvonne Knibiehler<br>Professeur \u00e9m\u00e9rite des Universit\u00e9s<\/p>\n\n\n\n<p>Jean-Bernard Lacroix<br>Ancien Directeur des Services des Archives des Alpes-Maritimes<\/p>\n\n\n\n<p>Claude Marro<br>Professeur, Cannes<br>Membrede la Soci\u00e9t\u00e9 Scientifique et Litt\u00e9raire de Cannes et de l\u2019arrondissement de Grasse<\/p>\n\n\n\n<p>Robert Mencherini<br>Professeur honoraire d\u2019histoire contemporaine \u00e0 Aix-Marseille Universit\u00e9<\/p>\n\n\n\n<p>Ren\u00e9 Merle<br>Professeur, Toulon<\/p>\n\n\n\n<p>Jean-Louis Mestre<br>Professeur \u00e9m\u00e9rite d\u2019histoire du droit d\u2019Aix-Marseille Universit\u00e9<\/p>\n\n\n\n<p>Claude Passet<br>Historien, Monaco<\/p>\n\n\n\n<p>Olivier Tholozan<br>Ma\u00eetre deconf\u00e9rences&nbsp; d\u2019histoire du droit\u00e0 Aix-Marseille Universit\u00e9<\/p>\n","protected":false},"excerpt":{"rendered":"<p>Membres du Conseil scientifique Pr\u00e9sident&nbsp;: Olivier VernierProfesseur \u00e0 l&#8217;Universit\u00e9 Nice Sophia-AntipolisMembre du conseil scientifique du Comit\u00e9 d\u2019Histoire de la S\u00e9curit\u00e9 Sociale Vice-Pr\u00e9sident : Mourad Bela\u00efdPr\u00e9sident du Comit\u00e9 d\u2019Histoire de la S\u00e9curit\u00e9 Sociale de la r\u00e9gion PACA Membres&nbsp;: Marie-Th\u00e9r\u00e8se Avon-SolettiMa\u00eetre de conf\u00e9rences &nbsp;honoraire \u00e0 l&#8217;Universit\u00e9 de Saint-Etienne Yves Baille (\u271d\ufe0e)Professeur honoraire \u00e0 la Facult\u00e9 de M\u00e9decine &hellip; <\/p>\n<p class=\"link-more\"><a href=\"https:\/\/chsspaca.fr\/index.php\/conseil-scientifique\/\" class=\"more-link\">Continuer la lecture<span class=\"screen-reader-text\"> de &laquo;&nbsp;Le conseil scientifique&nbsp;&raquo;<\/span><\/a><\/p>\n","protected":false},"author":2,"featured_media":2265,"parent":0,"menu_order":0,"comment_status":"closed","ping_status":"closed","template":"","meta":{"footnotes":""},"class_list":["post-671","page","type-page","status-publish","has-post-thumbnail","hentry"],"jetpack_sharing_enabled":true,"jetpack_likes_enabled":true,"_links":{"self":[{"href":"https:\/\/chsspaca.fr\/index.php\/wp-json\/wp\/v2\/pages\/671","targetHints":{"allow":["GET"]}}],"collection":[{"href":"https:\/\/chsspaca.fr\/index.php\/wp-json\/wp\/v2\/pages"}],"about":[{"href":"https:\/\/chsspaca.fr\/index.php\/wp-json\/wp\/v2\/types\/page"}],"author":[{"embeddable":true,"href":"https:\/\/chsspaca.fr\/index.php\/wp-json\/wp\/v2\/users\/2"}],"replies":[{"embeddable":true,"href":"https:\/\/chsspaca.fr\/index.php\/wp-json\/wp\/v2\/comments?post=671"}],"version-history":[{"count":0,"href":"https:\/\/chsspaca.fr\/index.php\/wp-json\/wp\/v2\/pages\/671\/revisions"}],"wp:featuredmedia":[{"embeddable":true,"href":"https:\/\/chsspaca.fr\/index.php\/wp-json\/wp\/v2\/media\/2265"}],"wp:attachment":[{"href":"https:\/\/chsspaca.fr\/index.php\/wp-json\/wp\/v2\/media?parent=671"}],"curies":[{"name":"wp","href":"https:\/\/api.w.org\/{rel}","templated":true}]}}